{"id":921,"date":"2022-05-13T09:33:14","date_gmt":"2022-05-13T09:33:14","guid":{"rendered":"https:\/\/demo.bravisthemes.com\/decision\/?page_id=921"},"modified":"2025-02-26T14:06:38","modified_gmt":"2025-02-26T13:06:38","slug":"mediacje","status":"publish","type":"page","link":"https:\/\/wojciechgrabowiecki.pl\/?page_id=921","title":{"rendered":"Mediacje"},"content":{"rendered":"\t\t<div data-elementor-type=\"wp-page\" data-elementor-id=\"921\" class=\"elementor elementor-921\">\n\t\t\t\t        <section class=\"elementor-section elementor-top-section elementor-element elementor-element-5fa42be elementor-section-stretched elementor-section-boxed elementor-section-height-default elementor-section-height-default ct-header-fixed-none ct-column-none ct-row-scroll-none\" data-id=\"5fa42be\" data-element_type=\"section\" data-settings=\"{&quot;stretch_section&quot;:&quot;section-stretched&quot;,&quot;background_background&quot;:&quot;classic&quot;}\">\n            \n                        <div class=\"elementor-container elementor-column-gap-extended \">\n                    <div class=\"elementor-column elementor-col-100 elementor-top-column elementor-element elementor-element-5d12716 ct-column-none col-offset-none\" data-id=\"5d12716\" data-element_type=\"column\">\n        <div class=\"elementor-widget-wrap elementor-element-populated\">\n                    \n        \t\t<div class=\"elementor-element elementor-element-2a35a89 elementor-widget elementor-widget-ct_heading\" data-id=\"2a35a89\" data-element_type=\"widget\" data-widget_type=\"ct_heading.default\">\n\t\t\t\t<div class=\"elementor-widget-container\">\n\t\t\t\t\t<div class=\"ct-heading h-align-center item-style1\">\r\n\t\t\t<div class=\"item--sub-title style-default\">\r\n            <span>\r\n                                W CZYM MOG\u0118 POM\u00d3C?            <\/span>\r\n        <\/div>\r\n\t    <h3 class=\"item--title case-animate-time style1 \" data-wow-delay=\"ms\">\r\n        <span>Mediacje<\/span>    <\/h3>\r\n<\/div>\r\n\r\n\t\t\t\t<\/div>\n\t\t\t\t<\/div>\n\t\t\t\t<div class=\"elementor-element elementor-element-1bb4bb4 elementor-widget__width-initial elementor-widget elementor-widget-ct_text_editor\" data-id=\"1bb4bb4\" data-element_type=\"widget\" data-widget_type=\"ct_text_editor.default\">\n\t\t\t\t<div class=\"elementor-widget-container\">\n\t\t\t\t\t<div id=\"ct_text_editor-1bb4bb4\" class=\"ct-text-editor style1 \" data-wow-delay=\"ms\">\n\t<div class=\"ct-inline-css\"  data-css=\"\n\t\t\">\n\n\t<\/div>\n\t<div class=\"ct-text-editor elementor-clearfix\">\n\t\t<p>Mediacje to proces, kt\u00f3ry wspiera w odnajdywaniu wsp\u00f3lnych rozwi\u0105za\u0144 w trudnych sytuacjach. Dzi\u0119ki mojemu do\u015bwiadczeniu i umiej\u0119tno\u015bciom, b\u0119d\u0119 m\u00f3g\u0142 pom\u00f3c Ci w przepracowaniu konfliktu i znalezieniu najlepszego dla Ciebie rozwi\u0105zania.\u00a0<\/p>\t\t\n\t<\/div>\n<\/div>\t\t\t\t<\/div>\n\t\t\t\t<\/div>\n\t\t\t\t<div class=\"elementor-element elementor-element-2ac7d35 elementor-widget elementor-widget-ct_practice_grid\" data-id=\"2ac7d35\" data-element_type=\"widget\" data-widget_type=\"ct_practice_grid.default\">\n\t\t\t\t<div class=\"elementor-widget-container\">\n\t\t\t\t\t\r\n<div id=\"ct_practice_grid-2ac7d35\"\r\n     class=\"ct-grid ct-practice ct-practice-grid1 item--\"\r\n     data-layout=\"masonry\" data-start-page=\"1\"\r\n     data-max-pages=\"1\" data-total=\"5\"\r\n     data-perpage=\"6\" data-next-link=\"\">\r\n    <div class=\"ct-grid-overlay\"><\/div>\r\n    \r\n    <div class=\"ct-grid-inner ct-grid-masonry row animate-time\" data-gutter=\"15\">\r\n                        <div class=\"grid-item col-xl-4 col-lg-4 col-md-6 col-sm-6 col-12 \">\r\n                    <div class=\"grid-item-inner ct-grid-direction \"\r\n                         data-wow-duration=\"1.2s\">\r\n                                                <div class=\"item--featured item-direction\">\r\n                            <div class=\"wrap-derection \">\r\n\r\n                                <a href=\"https:\/\/wojciechgrabowiecki.pl\/?practice=mediacje-rodzinne\"><\/a>\r\n                                <div class=\"item--holder \">\r\n                                                                            <div class=\"item--icon\"><i class=\"flaticon-jury\"><\/i>\r\n                                        <\/div>\r\n\r\n                                                                        <div class=\"item--meta\">\r\n                                                                                    <div class=\"item--category\">\r\n                                                                                            <\/div>\r\n                                        \r\n                                                                                    <h3 class=\"item--title\"><a\r\n                                                        href=\"https:\/\/wojciechgrabowiecki.pl\/?practice=mediacje-rodzinne\">Mediacje rodzinne<\/a>\r\n                                            <\/h3>\r\n                                                                                                                            <div class=\"item-except\">\r\n                                                Konflikty rodzinne s\u0105 naturaln\u0105 cz\u0119\u015bci\u0105 \u017cycia, ale gdy emocje bior\u0105 g\u00f3r\u0119, znalezienie wsp\u00f3lnego j\u0119zyka mo\u017ce wydawa\u0107 si\u0119 niemo\u017cliwe.                                            <\/div>\r\n                                                                                                                            <div class=\"item-readmore\">\r\n                                                <a class=\"\" href=\"https:\/\/wojciechgrabowiecki.pl\/?practice=mediacje-rodzinne\">\r\n                                                    <span>\r\n                                                        Read more                                                    <\/span>\r\n                                                <\/a>\r\n                                            <\/div>\r\n                                        \r\n                                    <\/div>\r\n                                <\/div>\r\n                            <\/div>\r\n                        <\/div>\r\n                    <\/div>\r\n                <\/div>\r\n                            <div class=\"grid-item col-xl-4 col-lg-4 col-md-6 col-sm-6 col-12 \">\r\n                    <div class=\"grid-item-inner ct-grid-direction \"\r\n                         data-wow-duration=\"1.2s\">\r\n                                                <div class=\"item--featured item-direction\">\r\n                            <div class=\"wrap-derection \">\r\n\r\n                                <a href=\"https:\/\/wojciechgrabowiecki.pl\/?practice=mediacje-cywilne\"><\/a>\r\n                                <div class=\"item--holder \">\r\n                                                                            <div class=\"item--icon\"><i class=\"flaticon-criminal\"><\/i>\r\n                                        <\/div>\r\n\r\n                                                                        <div class=\"item--meta\">\r\n                                                                                    <div class=\"item--category\">\r\n                                                                                            <\/div>\r\n                                        \r\n                                                                                    <h3 class=\"item--title\"><a\r\n                                                        href=\"https:\/\/wojciechgrabowiecki.pl\/?practice=mediacje-cywilne\">Mediacje cywilne<\/a>\r\n                                            <\/h3>\r\n                                                                                                                            <div class=\"item-except\">\r\n                                                Rozwi\u0105zanie spor\u00f3w wynikaj\u0105cych z niewykonania lub nienale\u017cytego wykonania umowy, w tym um\u00f3w dotycz\u0105cych ...                                            <\/div>\r\n                                                                                                                            <div class=\"item-readmore\">\r\n                                                <a class=\"\" href=\"https:\/\/wojciechgrabowiecki.pl\/?practice=mediacje-cywilne\">\r\n                                                    <span>\r\n                                                        Read more                                                    <\/span>\r\n                                                <\/a>\r\n                                            <\/div>\r\n                                        \r\n                                    <\/div>\r\n                                <\/div>\r\n                            <\/div>\r\n                        <\/div>\r\n                    <\/div>\r\n                <\/div>\r\n                            <div class=\"grid-item col-xl-4 col-lg-4 col-md-6 col-sm-6 col-12 \">\r\n                    <div class=\"grid-item-inner ct-grid-direction \"\r\n                         data-wow-duration=\"1.2s\">\r\n                                                <div class=\"item--featured item-direction\">\r\n                            <div class=\"wrap-derection \">\r\n\r\n                                <a href=\"https:\/\/wojciechgrabowiecki.pl\/?practice=mediacje-gospodarcze\"><\/a>\r\n                                <div class=\"item--holder \">\r\n                                                                            <div class=\"item--icon\"><i class=\"flaticon-libra\"><\/i>\r\n                                        <\/div>\r\n\r\n                                                                        <div class=\"item--meta\">\r\n                                                                                    <div class=\"item--category\">\r\n                                                                                            <\/div>\r\n                                        \r\n                                                                                    <h3 class=\"item--title\"><a\r\n                                                        href=\"https:\/\/wojciechgrabowiecki.pl\/?practice=mediacje-gospodarcze\">Mediacje gospodarcze<\/a>\r\n                                            <\/h3>\r\n                                                                                                                            <div class=\"item-except\">\r\n                                                Konflikty mi\u0119dzy przedsi\u0119biorstwami a klientami i nieporozumienia mi\u0119dzy wsp\u00f3lnikami.                                            <\/div>\r\n                                                                                                                            <div class=\"item-readmore\">\r\n                                                <a class=\"\" href=\"https:\/\/wojciechgrabowiecki.pl\/?practice=mediacje-gospodarcze\">\r\n                                                    <span>\r\n                                                        Read more                                                    <\/span>\r\n                                                <\/a>\r\n                                            <\/div>\r\n                                        \r\n                                    <\/div>\r\n                                <\/div>\r\n                            <\/div>\r\n                        <\/div>\r\n                    <\/div>\r\n                <\/div>\r\n                            <div class=\"grid-item col-xl-4 col-lg-4 col-md-6 col-sm-6 col-12 \">\r\n                    <div class=\"grid-item-inner ct-grid-direction \"\r\n                         data-wow-duration=\"1.2s\">\r\n                                                <div class=\"item--featured item-direction\">\r\n                            <div class=\"wrap-derection \">\r\n\r\n                                <a href=\"https:\/\/wojciechgrabowiecki.pl\/?practice=mediacje-karne-nieletnich\"><\/a>\r\n                                <div class=\"item--holder \">\r\n                                                                            <div class=\"item--icon\"><i class=\"flaticon-act\"><\/i>\r\n                                        <\/div>\r\n\r\n                                                                        <div class=\"item--meta\">\r\n                                                                                    <div class=\"item--category\">\r\n                                                                                            <\/div>\r\n                                        \r\n                                                                                    <h3 class=\"item--title\"><a\r\n                                                        href=\"https:\/\/wojciechgrabowiecki.pl\/?practice=mediacje-karne-nieletnich\">Mediacje karne i dla nieletnich<\/a>\r\n                                            <\/h3>\r\n                                                                                                                            <div class=\"item-except\">\r\n                                                Spory mi\u0119dzy ofiarami a sprawcami, problemy dotycz\u0105ce nieletnich.                                            <\/div>\r\n                                                                                                                            <div class=\"item-readmore\">\r\n                                                <a class=\"\" href=\"https:\/\/wojciechgrabowiecki.pl\/?practice=mediacje-karne-nieletnich\">\r\n                                                    <span>\r\n                                                        Read more                                                    <\/span>\r\n                                                <\/a>\r\n                                            <\/div>\r\n                                        \r\n                                    <\/div>\r\n                                <\/div>\r\n                            <\/div>\r\n                        <\/div>\r\n                    <\/div>\r\n                <\/div>\r\n                            <div class=\"grid-item col-xl-4 col-lg-4 col-md-6 col-sm-6 col-12 \">\r\n                    <div class=\"grid-item-inner ct-grid-direction \"\r\n                         data-wow-duration=\"1.2s\">\r\n                                                <div class=\"item--featured item-direction\">\r\n                            <div class=\"wrap-derection \">\r\n\r\n                                <a href=\"https:\/\/wojciechgrabowiecki.pl\/?practice=problemy-miedzyludzkie\"><\/a>\r\n                                <div class=\"item--holder \">\r\n                                                                            <div class=\"item--icon\"><i class=\"flaticon-folder\"><\/i>\r\n                                        <\/div>\r\n\r\n                                                                        <div class=\"item--meta\">\r\n                                                                                    <div class=\"item--category\">\r\n                                                                                            <\/div>\r\n                                        \r\n                                                                                    <h3 class=\"item--title\"><a\r\n                                                        href=\"https:\/\/wojciechgrabowiecki.pl\/?practice=problemy-miedzyludzkie\">Problemy mi\u0119dzyludzkie<\/a>\r\n                                            <\/h3>\r\n                                                                                                                            <div class=\"item-except\">\r\n                                                Rozwi\u0105zywanie konflikt\u00f3w interpersonalnych, problemy z komunikacj\u0105.                                            <\/div>\r\n                                                                                                                            <div class=\"item-readmore\">\r\n                                                <a class=\"\" href=\"https:\/\/wojciechgrabowiecki.pl\/?practice=problemy-miedzyludzkie\">\r\n                                                    <span>\r\n                                                        Read more                                                    <\/span>\r\n                                                <\/a>\r\n                                            <\/div>\r\n                                        \r\n                                    <\/div>\r\n                                <\/div>\r\n                            <\/div>\r\n                        <\/div>\r\n                    <\/div>\r\n                <\/div>\r\n                                <div class=\"grid-sizer col-xl-4 col-lg-4 col-md-6 col-sm-6 col-12\"><\/div>\r\n            <\/div>\r\n    \r\n\r\n    <\/div>\t\t\t\t<\/div>\n\t\t\t\t<\/div>\n\t\t            <\/div>\n        <\/div>\n                    <\/div>\n        <\/section>\n        \t\t<\/div>\n\t\t","protected":false},"excerpt":{"rendered":"<p>W CZYM MOG\u0118 POM\u00d3C? Mediacje Mediacje to proces, kt\u00f3ry wspiera w odnajdywaniu wsp\u00f3lnych rozwi\u0105za\u0144 w trudnych sytuacjach. Dzi\u0119ki mojemu do\u015bwiadczeniu i umiej\u0119tno\u015bciom, b\u0119d\u0119 m\u00f3g\u0142 pom\u00f3c Ci w przepracowaniu konfliktu i znalezieniu najlepszego dla Ciebie rozwi\u0105zania.\u00a0 Mediacje rodzinne Konflikty rodzinne s\u0105 naturaln\u0105 cz\u0119\u015bci\u0105 \u017cycia, ale gdy emocje bior\u0105 g\u00f3r\u0119, znalezienie wsp\u00f3lnego j\u0119zyka mo\u017ce wydawa\u0107 si\u0119 niemo\u017cliwe. [&hellip;]<\/p>\n","protected":false},"author":1,"featured_media":0,"parent":0,"menu_order":0,"comment_status":"closed","ping_status":"closed","template":"","meta":{"footnotes":""},"class_list":["post-921","page","type-page","status-publish","hentry"],"_links":{"self":[{"href":"https:\/\/wojciechgrabowiecki.pl\/index.php?rest_route=\/wp\/v2\/pages\/921","targetHints":{"allow":["GET"]}}],"collection":[{"href":"https:\/\/wojciechgrabowiecki.pl\/index.php?rest_route=\/wp\/v2\/pages"}],"about":[{"href":"https:\/\/wojciechgrabowiecki.pl\/index.php?rest_route=\/wp\/v2\/types\/page"}],"author":[{"embeddable":true,"href":"https:\/\/wojciechgrabowiecki.pl\/index.php?rest_route=\/wp\/v2\/users\/1"}],"replies":[{"embeddable":true,"href":"https:\/\/wojciechgrabowiecki.pl\/index.php?rest_route=%2Fwp%2Fv2%2Fcomments&post=921"}],"version-history":[{"count":7,"href":"https:\/\/wojciechgrabowiecki.pl\/index.php?rest_route=\/wp\/v2\/pages\/921\/revisions"}],"predecessor-version":[{"id":6917,"href":"https:\/\/wojciechgrabowiecki.pl\/index.php?rest_route=\/wp\/v2\/pages\/921\/revisions\/6917"}],"wp:attachment":[{"href":"https:\/\/wojciechgrabowiecki.pl\/index.php?rest_route=%2Fwp%2Fv2%2Fmedia&parent=921"}],"curies":[{"name":"wp","href":"https:\/\/api.w.org\/{rel}","templated":true}]}}