{"id":79,"date":"2022-04-25T08:05:48","date_gmt":"2022-04-25T08:05:48","guid":{"rendered":"https:\/\/demo.bravisthemes.com\/decision\/?page_id=79"},"modified":"2025-02-26T14:53:26","modified_gmt":"2025-02-26T13:53:26","slug":"kontakt","status":"publish","type":"page","link":"https:\/\/wojciechgrabowiecki.pl\/?page_id=79","title":{"rendered":"Kontakt"},"content":{"rendered":"\t\t<div data-elementor-type=\"wp-page\" data-elementor-id=\"79\" class=\"elementor elementor-79\">\n\t\t\t\t        <section class=\"elementor-section elementor-top-section elementor-element elementor-element-327a5fb elementor-section-stretched elementor-section-boxed elementor-section-height-default elementor-section-height-default ct-header-fixed-none ct-column-none ct-row-scroll-none\" data-id=\"327a5fb\" data-element_type=\"section\" data-settings=\"{&quot;stretch_section&quot;:&quot;section-stretched&quot;}\">\n            \n                        <div class=\"elementor-container elementor-column-gap-extended \">\n                    <div class=\"elementor-column elementor-col-50 elementor-top-column elementor-element elementor-element-185e707 ct-column-none col-offset-none\" data-id=\"185e707\" data-element_type=\"column\">\n        <div class=\"elementor-widget-wrap elementor-element-populated\">\n                    \n        \t\t<div class=\"elementor-element elementor-element-e57d96e ct-counter-layout3 elementor-widget elementor-widget-ct_counter\" data-id=\"e57d96e\" data-element_type=\"widget\" data-widget_type=\"ct_counter.default\">\n\t\t\t\t<div class=\"elementor-widget-container\">\n\t\t\t\t\t<div class=\"ct-counter ct-counter-layout3 \" data-wow-delay=\"ms\">\r\n\r\n    <div class=\"ct-counter-meta\">\r\n        <div class=\"ct-counter-image   \" data-width=\"1920\" data-height=\"490\">\r\n                                            <img fetchpriority=\"high\" decoding=\"async\" width=\"1365\" height=\"1365\" src=\"https:\/\/wojciechgrabowiecki.pl\/wp-content\/uploads\/2025\/01\/wojtekkomp.jpeg\" class=\"attachment-full\" alt=\"\" \/>                            \r\n            <div class=\"ct-counter-inner\">\r\n\r\n                                    <div class=\"ct-counter-icon\">\r\n                                                    <i aria-hidden=\"true\" class=\"flaticon flaticon-hourglass\"><\/i>                                                                            <\/div>\r\n                \r\n                <div class=\"ct-counter-number\">\r\n                                        <span class=\"ct-counter-number-value\" data-duration=\"2000\" data-to-value=\"15\" data-delimiter=\".\">1<\/span>\r\n                                                                <div class=\"ct-counter-title\">lat w bran\u017cy<\/div>\r\n                                    <\/div>\r\n                \r\n            <\/div>\r\n\r\n        <\/div>\r\n        \r\n    <\/div>\r\n<\/div>\t\t\t\t<\/div>\n\t\t\t\t<\/div>\n\t\t            <\/div>\n        <\/div>\n                <div class=\"elementor-column elementor-col-50 elementor-top-column elementor-element elementor-element-5f1b007 ct-column-none col-offset-none\" data-id=\"5f1b007\" data-element_type=\"column\">\n        <div class=\"elementor-widget-wrap elementor-element-populated\">\n                    \n        \t\t<div class=\"elementor-element elementor-element-6329968 elementor-widget__width-initial elementor-widget elementor-widget-ct_heading\" data-id=\"6329968\" data-element_type=\"widget\" data-widget_type=\"ct_heading.default\">\n\t\t\t\t<div class=\"elementor-widget-container\">\n\t\t\t\t\t<div class=\"ct-heading h-align- item-style6\">\r\n\t\t\t<div class=\"item--sub-title style-default\">\r\n            <span>\r\n                                ju\u017c czas            <\/span>\r\n        <\/div>\r\n\t    <h3 class=\"item--title case-animate-time style6 \" data-wow-delay=\"ms\">\r\n        <span>Kontakt<\/span>    <\/h3>\r\n<\/div>\r\n\r\n\t\t\t\t<\/div>\n\t\t\t\t<\/div>\n\t\t\t\t<div class=\"elementor-element elementor-element-6b2b42a elementor-widget elementor-widget-ct_text_editor\" data-id=\"6b2b42a\" data-element_type=\"widget\" data-widget_type=\"ct_text_editor.default\">\n\t\t\t\t<div class=\"elementor-widget-container\">\n\t\t\t\t\t<div id=\"ct_text_editor-6b2b42a\" class=\"ct-text-editor style1 \" data-wow-delay=\"ms\">\n\t<div class=\"ct-inline-css\"  data-css=\"\n\t\t\">\n\n\t<\/div>\n\t<div class=\"ct-text-editor elementor-clearfix\">\n\t\t<p>Masz wra\u017cenie, \u017ce Twoje \u017cycie to jazda na autopilocie? Chcesz wreszcie przej\u0105\u0107 stery i nada\u0107 mu po\u017c\u0105dany kierunek? Porozmawiajmy o tym, jak coaching mo\u017ce sta\u0107 si\u0119 Twoim kompasem w podr\u00f3\u017cy do spe\u0142nienia. Zostaw wiadomo\u015b\u0107, a wsp\u00f3lnie odkryjemy, co jest dla Ciebie naprawd\u0119 wa\u017cne.<\/p>\t\t\n\t<\/div>\n<\/div>\t\t\t\t<\/div>\n\t\t\t\t<\/div>\n\t\t        <section class=\"elementor-section elementor-inner-section elementor-element elementor-element-4a4c228 elementor-section-boxed elementor-section-height-default elementor-section-height-default ct-header-fixed-none ct-column-none ct-row-scroll-none\" data-id=\"4a4c228\" data-element_type=\"section\">\n            \n                        <div class=\"elementor-container elementor-column-gap-extended \">\n                    <div class=\"elementor-column elementor-col-100 elementor-inner-column elementor-element elementor-element-48fe6ed ct-column-none col-offset-none\" data-id=\"48fe6ed\" data-element_type=\"column\">\n        <div class=\"elementor-widget-wrap elementor-element-populated\">\n                    \n        \t\t<div class=\"elementor-element elementor-element-85446aa elementor-widget elementor-widget-ct_fancy_box\" data-id=\"85446aa\" data-element_type=\"widget\" data-widget_type=\"ct_fancy_box.default\">\n\t\t\t\t<div class=\"elementor-widget-container\">\n\t\t\t\t\t<div class=\"ct-fancy-box ct-fancy-box-layout1  \" data-wow-delay=\"ms\">\r\n    <div class=\"item--inner\">\r\n                    <div class=\"item--icon\">\r\n                <i aria-hidden=\"true\" class=\"flaticon flaticon-call\"><\/i>            <\/div>\r\n                        <div class=\"item--meta\">\r\n            <h5 class=\"item--title\">\r\n                TELEFON            <\/h5>\r\n            <div class=\"item--description\">+48 730 877 730<\/div>\r\n        <\/div>\r\n    <\/div>\r\n<\/div>\t\t\t\t<\/div>\n\t\t\t\t<\/div>\n\t\t\t\t<div class=\"elementor-element elementor-element-0848dd0 elementor-widget elementor-widget-spacer\" data-id=\"0848dd0\" data-element_type=\"widget\" data-widget_type=\"spacer.default\">\n\t\t\t\t<div class=\"elementor-widget-container\">\n\t\t\t\t\t\t\t<div class=\"elementor-spacer\">\n\t\t\t<div class=\"elementor-spacer-inner\"><\/div>\n\t\t<\/div>\n\t\t\t\t\t\t<\/div>\n\t\t\t\t<\/div>\n\t\t\t\t<div class=\"elementor-element elementor-element-6693557 elementor-widget elementor-widget-ct_fancy_box\" data-id=\"6693557\" data-element_type=\"widget\" data-widget_type=\"ct_fancy_box.default\">\n\t\t\t\t<div class=\"elementor-widget-container\">\n\t\t\t\t\t<div class=\"ct-fancy-box ct-fancy-box-layout1  \" data-wow-delay=\"ms\">\r\n    <div class=\"item--inner\">\r\n                    <div class=\"item--icon\">\r\n                <i aria-hidden=\"true\" class=\"flaticon flaticon-email\"><\/i>            <\/div>\r\n                        <div class=\"item--meta\">\r\n            <h5 class=\"item--title\">\r\n                MAIL            <\/h5>\r\n            <div class=\"item--description\">kontakt@wojciechgrabowiecki.pl<\/div>\r\n        <\/div>\r\n    <\/div>\r\n<\/div>\t\t\t\t<\/div>\n\t\t\t\t<\/div>\n\t\t            <\/div>\n        <\/div>\n                    <\/div>\n        <\/section>\n                <section class=\"elementor-section elementor-inner-section elementor-element elementor-element-7f7f04b elementor-section-full_width elementor-section-height-default elementor-section-height-default ct-header-fixed-none ct-column-none ct-row-scroll-none\" data-id=\"7f7f04b\" data-element_type=\"section\">\n            \n                        <div class=\"elementor-container elementor-column-gap-default \">\n                    <div class=\"elementor-column elementor-col-50 elementor-inner-column elementor-element elementor-element-ebc5f2f ct-column-none col-offset-none\" data-id=\"ebc5f2f\" data-element_type=\"column\">\n        <div class=\"elementor-widget-wrap elementor-element-populated\">\n                    \n        \t\t<div class=\"elementor-element elementor-element-5d8f279 elementor-widget__width-initial elementor-widget elementor-widget-ct_button\" data-id=\"5d8f279\" data-element_type=\"widget\" data-widget_type=\"ct_button.default\">\n\t\t\t\t<div class=\"elementor-widget-container\">\n\t\t\t\t\t<div id=\"ct_button-5d8f279\" class=\"ct-button-wrapper ct-button-layout1\">\r\n    <div class=\"ct-inline-css\"  data-css=\"\r\n        \">\r\n    <\/div>\r\n\r\n            <span class=\"ct-icon-active\"><\/span>\r\n        <a href=\"tel:730877730\" class=\"btn btn-primary btn-animate  icon-ps-left \" data-wow-delay=\"ms\">\r\n                            <span class=\"ct-button-icon ct-align-icon-left\">\r\n                            <\/span>\r\n                <span class=\"ct-button-text\">Um\u00f3w darmow\u0105 konsultacj\u0119<\/span>\r\n    <\/a>\r\n<\/div>\t\t\t\t<\/div>\n\t\t\t\t<\/div>\n\t\t            <\/div>\n        <\/div>\n                <div class=\"elementor-column elementor-col-50 elementor-inner-column elementor-element elementor-element-a1a5f02 ct-column-none col-offset-none\" data-id=\"a1a5f02\" data-element_type=\"column\">\n        <div class=\"elementor-widget-wrap\">\n                    \n                    <\/div>\n        <\/div>\n                    <\/div>\n        <\/section>\n                    <\/div>\n        <\/div>\n                    <\/div>\n        <\/section>\n                <section class=\"elementor-section elementor-top-section elementor-element elementor-element-110f689 elementor-section-stretched elementor-section-boxed elementor-section-height-default elementor-section-height-default ct-header-fixed-none ct-column-none ct-row-scroll-none\" data-id=\"110f689\" data-element_type=\"section\" data-settings=\"{&quot;stretch_section&quot;:&quot;section-stretched&quot;,&quot;background_background&quot;:&quot;classic&quot;}\">\n                            <div class=\"elementor-background-overlay\"><\/div>\n                \n                        <div class=\"elementor-container elementor-column-gap-extended \">\n                    <div class=\"elementor-column elementor-col-100 elementor-top-column elementor-element elementor-element-37335fb ct-column-none col-offset-none\" data-id=\"37335fb\" data-element_type=\"column\">\n        <div class=\"elementor-widget-wrap\">\n                    \n                    <\/div>\n        <\/div>\n                    <\/div>\n        <\/section>\n                <section class=\"elementor-section elementor-top-section elementor-element elementor-element-c82d478 elementor-section-stretched elementor-section-boxed elementor-section-height-default elementor-section-height-default ct-header-fixed-none ct-column-none ct-row-scroll-none\" data-id=\"c82d478\" data-element_type=\"section\" data-settings=\"{&quot;stretch_section&quot;:&quot;section-stretched&quot;}\">\n            \n                        <div class=\"elementor-container elementor-column-gap-extended \">\n                    <div class=\"elementor-column elementor-col-100 elementor-top-column elementor-element elementor-element-d69776b ct-column-none col-offset-none\" data-id=\"d69776b\" data-element_type=\"column\">\n        <div class=\"elementor-widget-wrap elementor-element-populated\">\n                    \n                <section class=\"elementor-section elementor-inner-section elementor-element elementor-element-69cc46e elementor-section-boxed elementor-section-height-default elementor-section-height-default ct-header-fixed-none ct-column-none ct-row-scroll-none\" data-id=\"69cc46e\" data-element_type=\"section\" data-settings=\"{&quot;background_background&quot;:&quot;classic&quot;}\">\n            \n                        <div class=\"elementor-container elementor-column-gap-extended \">\n                    <div class=\"elementor-column elementor-col-33 elementor-inner-column elementor-element elementor-element-bf2da40 ct-column-none col-offset-none\" data-id=\"bf2da40\" data-element_type=\"column\" data-settings=\"{&quot;background_background&quot;:&quot;classic&quot;}\">\n        <div class=\"elementor-widget-wrap elementor-element-populated\">\n                    \n        \t\t<div class=\"elementor-element elementor-element-c63be22 elementor-widget elementor-widget-ct_contact_info\" data-id=\"c63be22\" data-element_type=\"widget\" data-widget_type=\"ct_contact_info.default\">\n\t\t\t\t<div class=\"elementor-widget-container\">\n\t\t\t\t\t    <div class=\"ct-inline-css\" data-css=\"\r\n        \">\r\n    <\/div>\r\n    <ul id=\"ct_contact_info-c63be22\"\r\n        class=\"ct-contact-info ct-contact-info2 style1 list-inline \"\r\n        style=\"background-image: url(https:\/\/wojciechgrabowiecki.pl\/wp-content\/uploads\/2025\/01\/WhatsApp-Image-2024-11-19-at-19.02.45.jpeg)\" data-wow-duration=\"1.2s\">\r\n        <div class=\"item-image\">\r\n                            <li>\r\n                    <div class=\"wrap-contact-info\">\r\n                                            <div class=\"ct-contact-icon\">\r\n\t\t                <i aria-hidden=\"true\" class=\"flaticon flaticon-call\"><\/i>                        \t\t\t        <\/div>\r\n                                        <a href=\"tel:730877730\" class=\"ct-contact-content\">\r\n                        +48 730 877 730                    <\/a>\r\n                    <\/div>\r\n                <\/li>\r\n                <\/ul>\r\n\t\t\t\t<\/div>\n\t\t\t\t<\/div>\n\t\t            <\/div>\n        <\/div>\n                <div class=\"elementor-column elementor-col-66 elementor-inner-column elementor-element elementor-element-527d005 ct-column-none col-offset-none\" data-id=\"527d005\" data-element_type=\"column\">\n        <div class=\"elementor-widget-wrap elementor-element-populated\">\n                    \n        \t\t<div class=\"elementor-element elementor-element-0a94093 elementor-widget elementor-widget-ct_heading\" data-id=\"0a94093\" data-element_type=\"widget\" data-widget_type=\"ct_heading.default\">\n\t\t\t\t<div class=\"elementor-widget-container\">\n\t\t\t\t\t<div class=\"ct-heading h-align- item-style1\">\r\n\t    <h3 class=\"item--title case-animate-time style1 \" data-wow-delay=\"ms\">\r\n        <span>Pierwszy krok<\/span>    <\/h3>\r\n<\/div>\r\n\r\n\t\t\t\t<\/div>\n\t\t\t\t<\/div>\n\t\t\t\t<div class=\"elementor-element elementor-element-350e38d elementor-widget elementor-widget-ct_text_editor\" data-id=\"350e38d\" data-element_type=\"widget\" data-widget_type=\"ct_text_editor.default\">\n\t\t\t\t<div class=\"elementor-widget-container\">\n\t\t\t\t\t<div id=\"ct_text_editor-350e38d\" class=\"ct-text-editor style1 \" data-wow-delay=\"ms\">\n\t<div class=\"ct-inline-css\"  data-css=\"\n\t\t\">\n\n\t<\/div>\n\t<div class=\"ct-text-editor elementor-clearfix\">\n\t\t<p>Gotowy na zmian\u0119? Masz pytania? Napisz do mnie, ch\u0119tnie porozmawiam.<\/p>\t\t\n\t<\/div>\n<\/div>\t\t\t\t<\/div>\n\t\t\t\t<\/div>\n\t\t\t\t<div class=\"elementor-element elementor-element-3b069c0 elementor-widget elementor-widget-ct_contact_form\" data-id=\"3b069c0\" data-element_type=\"widget\" data-widget_type=\"ct_contact_form.default\">\n\t\t\t\t<div class=\"elementor-widget-container\">\n\t\t\t\t\t<div class=\"ct-contact-form ct-contact-form-layout1 style3 \">\r\n        <div class=\"ct-contact-form\">\r\n        \n<div class=\"wpcf7 no-js\" id=\"wpcf7-f1455-o1\" lang=\"en-US\" dir=\"ltr\" data-wpcf7-id=\"1455\">\n<div class=\"screen-reader-response\"><p role=\"status\" aria-live=\"polite\" aria-atomic=\"true\"><\/p> <ul><\/ul><\/div>\n<form action=\"\/index.php?rest_route=%2Fwp%2Fv2%2Fpages%2F79#wpcf7-f1455-o1\" method=\"post\" class=\"wpcf7-form init\" aria-label=\"Contact form\" novalidate=\"novalidate\" data-status=\"init\">\n<div style=\"display: none;\">\n<input type=\"hidden\" name=\"_wpcf7\" value=\"1455\" \/>\n<input type=\"hidden\" name=\"_wpcf7_version\" value=\"6.0.2\" \/>\n<input type=\"hidden\" name=\"_wpcf7_locale\" value=\"en_US\" \/>\n<input type=\"hidden\" name=\"_wpcf7_unit_tag\" value=\"wpcf7-f1455-o1\" \/>\n<input type=\"hidden\" name=\"_wpcf7_container_post\" value=\"0\" \/>\n<input type=\"hidden\" name=\"_wpcf7_posted_data_hash\" value=\"\" \/>\n<\/div>\n<div class=\"wp-row-ctf7 contact-form-home2\">\n\t<div class=\"row input-contact\">\n\t\t<div class=\"col-xl-6 col-lg-6 col-md-12 col-sm-12\">\n\t\t\t<div class=\"input-filled\">\n\t\t\t\t<p><span class=\"wpcf7-form-control-wrap\" data-name=\"your-name\"><input size=\"40\" maxlength=\"400\" class=\"wpcf7-form-control wpcf7-text wpcf7-validates-as-required\" aria-required=\"true\" aria-invalid=\"false\" placeholder=\"imi\u0119\" value=\"\" type=\"text\" name=\"your-name\" \/><\/span>\n\t\t\t\t<\/p>\n\t\t\t<\/div>\n\t\t<\/div>\n\t\t<div class=\"col-xl-6 col-lg-6 col-md-12 col-sm-12\">\n\t\t\t<div class=\"input-filled\">\n\t\t\t\t<p><span class=\"wpcf7-form-control-wrap\" data-name=\"your-email\"><input size=\"40\" maxlength=\"400\" class=\"wpcf7-form-control wpcf7-email wpcf7-validates-as-required wpcf7-text wpcf7-validates-as-email\" aria-required=\"true\" aria-invalid=\"false\" placeholder=\"Email\" value=\"\" type=\"email\" name=\"your-email\" \/><\/span>\n\t\t\t\t<\/p>\n\t\t\t<\/div>\n\t\t<\/div>\n\t\t<div class=\"col-xl-6 col-lg-6 col-md-12 col-sm-12\">\n\t\t\t<div class=\"input-filled\">\n\t\t\t\t<p><span class=\"wpcf7-form-control-wrap\" data-name=\"your-subject\"><input size=\"40\" maxlength=\"400\" class=\"wpcf7-form-control wpcf7-text wpcf7-validates-as-required\" aria-required=\"true\" aria-invalid=\"false\" placeholder=\"Temat\" value=\"\" type=\"text\" name=\"your-subject\" \/><\/span>\n\t\t\t\t<\/p>\n\t\t\t<\/div>\n\t\t<\/div>\n\t\t<div class=\"col-xl-6 col-lg-6 col-md-12 col-sm-12\">\n\t\t\t<div class=\"input-filled\">\n\t\t\t\t<p><span class=\"wpcf7-form-control-wrap\" data-name=\"your-select\"><select class=\"wpcf7-form-control wpcf7-select select-style3\" aria-invalid=\"false\" name=\"your-select\"><option value=\"Temat\">Temat<\/option><option value=\"Mediacje\">Mediacje<\/option><option value=\"Coaching\">Coaching<\/option><option value=\"Szkolenia\">Szkolenia<\/option><option value=\"inne\">inne<\/option><\/select><\/span>\n\t\t\t\t<\/p>\n\t\t\t<\/div>\n\t\t<\/div>\n\t\t<div class=\"col-xl-12 col-lg-12 col-md-12 col-sm-12\">\n\t\t\t<div class=\"input-filled\">\n\t\t\t\t<p><span class=\"wpcf7-form-control-wrap\" data-name=\"your-mess\"><textarea cols=\"40\" rows=\"10\" maxlength=\"2000\" class=\"wpcf7-form-control wpcf7-textarea wpcf7-validates-as-required\" aria-required=\"true\" aria-invalid=\"false\" placeholder=\"Twoja wiadomo\u015b\u0107\" name=\"your-mess\"><\/textarea><\/span>\n\t\t\t\t<\/p>\n\t\t\t<\/div>\n\t\t<\/div>\n\t\t<div class=\"col-xl-12 col-lg-12 col-md-12 col-sm-12 submit-form btn-input\">\n\t\t\t<p><span class =\"bt-submit\"><input class=\"wpcf7-form-control wpcf7-submit has-spinner\" type=\"submit\" value=\"Wy\u015blij\" \/><\/span>\n\t\t\t<\/p>\n\t\t<\/div>\n\t<\/div>\n<\/div><div class=\"wpcf7-response-output\" aria-hidden=\"true\"><\/div>\n<\/form>\n<\/div>\n    <\/div>\r\n<\/div>\r\n\t\t\t\t<\/div>\n\t\t\t\t<\/div>\n\t\t            <\/div>\n        <\/div>\n                    <\/div>\n        <\/section>\n                    <\/div>\n        <\/div>\n                    <\/div>\n        <\/section>\n        \t\t<\/div>\n\t\t","protected":false},"excerpt":{"rendered":"<p>1 lat w bran\u017cy ju\u017c czas Kontakt Masz wra\u017cenie, \u017ce Twoje \u017cycie to jazda na autopilocie? Chcesz wreszcie przej\u0105\u0107 stery i nada\u0107 mu po\u017c\u0105dany kierunek? Porozmawiajmy o tym, jak coaching mo\u017ce sta\u0107 si\u0119 Twoim kompasem w podr\u00f3\u017cy do spe\u0142nienia. Zostaw wiadomo\u015b\u0107, a wsp\u00f3lnie odkryjemy, co jest dla Ciebie naprawd\u0119 wa\u017cne. TELEFON +48 730 877 730 [&hellip;]<\/p>\n","protected":false},"author":1,"featured_media":0,"parent":0,"menu_order":0,"comment_status":"closed","ping_status":"closed","template":"","meta":{"footnotes":""},"class_list":["post-79","page","type-page","status-publish","hentry"],"_links":{"self":[{"href":"https:\/\/wojciechgrabowiecki.pl\/index.php?rest_route=\/wp\/v2\/pages\/79","targetHints":{"allow":["GET"]}}],"collection":[{"href":"https:\/\/wojciechgrabowiecki.pl\/index.php?rest_route=\/wp\/v2\/pages"}],"about":[{"href":"https:\/\/wojciechgrabowiecki.pl\/index.php?rest_route=\/wp\/v2\/types\/page"}],"author":[{"embeddable":true,"href":"https:\/\/wojciechgrabowiecki.pl\/index.php?rest_route=\/wp\/v2\/users\/1"}],"replies":[{"embeddable":true,"href":"https:\/\/wojciechgrabowiecki.pl\/index.php?rest_route=%2Fwp%2Fv2%2Fcomments&post=79"}],"version-history":[{"count":4,"href":"https:\/\/wojciechgrabowiecki.pl\/index.php?rest_route=\/wp\/v2\/pages\/79\/revisions"}],"predecessor-version":[{"id":6946,"href":"https:\/\/wojciechgrabowiecki.pl\/index.php?rest_route=\/wp\/v2\/pages\/79\/revisions\/6946"}],"wp:attachment":[{"href":"https:\/\/wojciechgrabowiecki.pl\/index.php?rest_route=%2Fwp%2Fv2%2Fmedia&parent=79"}],"curies":[{"name":"wp","href":"https:\/\/api.w.org\/{rel}","templated":true}]}}