{"id":321,"date":"2022-05-05T03:24:49","date_gmt":"2022-05-05T03:24:49","guid":{"rendered":"https:\/\/demo.bravisthemes.com\/decision\/?page_id=321"},"modified":"2025-02-26T14:23:38","modified_gmt":"2025-02-26T13:23:38","slug":"coaching","status":"publish","type":"page","link":"https:\/\/wojciechgrabowiecki.pl\/?page_id=321","title":{"rendered":"Coaching"},"content":{"rendered":"\t\t<div data-elementor-type=\"wp-page\" data-elementor-id=\"321\" class=\"elementor elementor-321\">\n\t\t\t\t        <section class=\"elementor-section elementor-top-section elementor-element elementor-element-5900cbb elementor-section-stretched elementor-section-boxed elementor-section-height-default elementor-section-height-default ct-header-fixed-none ct-column-none ct-row-scroll-none\" data-id=\"5900cbb\" data-element_type=\"section\" data-settings=\"{&quot;stretch_section&quot;:&quot;section-stretched&quot;}\">\n            \n                        <div class=\"elementor-container elementor-column-gap-extended \">\n                    <div class=\"elementor-column elementor-col-100 elementor-top-column elementor-element elementor-element-6e3d019 ct-column-none col-offset-none\" data-id=\"6e3d019\" data-element_type=\"column\">\n        <div class=\"elementor-widget-wrap elementor-element-populated\">\n                    \n        \t\t<div class=\"elementor-element elementor-element-0e8c5a9 elementor-widget__width-initial elementor-widget elementor-widget-ct_heading\" data-id=\"0e8c5a9\" data-element_type=\"widget\" data-widget_type=\"ct_heading.default\">\n\t\t\t\t<div class=\"elementor-widget-container\">\n\t\t\t\t\t<div class=\"ct-heading h-align- item-style6\">\r\n\t\t\t<div class=\"item--sub-title style-default\">\r\n            <span>\r\n                                Coaching            <\/span>\r\n        <\/div>\r\n\t    <h3 class=\"item--title case-animate-time style6 \" data-wow-delay=\"ms\">\r\n        <span>Twoja podr\u00f3\u017c w g\u0142\u0105b siebie, Twoje odkrycie wewn\u0119trznego architekta<\/span>    <\/h3>\r\n<\/div>\r\n\r\n\t\t\t\t<\/div>\n\t\t\t\t<\/div>\n\t\t\t\t<div class=\"elementor-element elementor-element-4f190c5 elementor-widget elementor-widget-ct_text_editor\" data-id=\"4f190c5\" data-element_type=\"widget\" data-widget_type=\"ct_text_editor.default\">\n\t\t\t\t<div class=\"elementor-widget-container\">\n\t\t\t\t\t<div id=\"ct_text_editor-4f190c5\" class=\"ct-text-editor style1 \" data-wow-delay=\"ms\">\n\t<div class=\"ct-inline-css\"  data-css=\"\n\t\t\">\n\n\t<\/div>\n\t<div class=\"ct-text-editor elementor-clearfix\">\n\t\t<p data-sourcepos=\"5:1-5:567\">Wyobra\u017a sobie, \u017ce prowadzisz samoch\u00f3d z zawrotn\u0105 pr\u0119dko\u015bci\u0105, a krajobraz za oknem zlewa si\u0119 w jedn\u0105, rozmyt\u0105 plam\u0119. By\u0107 mo\u017ce osi\u0105gasz wyznaczone cele, p\u0119dzisz przed siebie, ale czy naprawd\u0119 dostrzegasz pi\u0119kno podr\u00f3\u017cy? Czy czujesz satysfakcj\u0119, gdy meta jest osi\u0105gni\u0119ta? Czy przypadkiem nie omijasz, w tym p\u0119dzie, czego\u015b, co jest naprawd\u0119 wa\u017cne? Coaching to jak zwolnienie tempa, zatrzymanie si\u0119 na poboczu, by wreszcie spojrze\u0107 na \u015bwiat z nowej perspektywy. To zaproszenie do podr\u00f3\u017cy w g\u0142\u0105b siebie, do odkrycia ukrytych zasob\u00f3w i ponownego zdefiniowania w\u0142asnej trasy.<\/p><p data-sourcepos=\"7:1-7:558\">Coaching to nie jest czarodziejska r\u00f3\u017cd\u017cka, ani gotowa recepta na idealne \u017cycie. To partnerstwo, w kt\u00f3rym razem wyruszamy w podr\u00f3\u017c do Twojego wn\u0119trza. To proces oparty na zaufaniu i wzajemnym szacunku, gdzie to Ty jeste\u015b architektem swojej przysz\u0142o\u015bci, a ja jestem Twoim przewodnikiem, zadaj\u0105cym pytania, kt\u00f3re otwieraj\u0105 drzwi do Twojego potencja\u0142u. Nie obiecuj\u0119 Ci prostych rozwi\u0105za\u0144 ani gotowych odpowiedzi, lecz podr\u00f3\u017c, kt\u00f3ra pozwoli Ci wyzwoli\u0107 swoj\u0105 kreatywno\u015b\u0107, spojrze\u0107 na wyzwania z r\u00f3\u017cnych stron i znale\u017a\u0107 rozwi\u0105zania, kt\u00f3re s\u0105 zakorzenione w Tobie.<\/p>\t\t\n\t<\/div>\n<\/div>\t\t\t\t<\/div>\n\t\t\t\t<\/div>\n\t\t            <\/div>\n        <\/div>\n                    <\/div>\n        <\/section>\n                <section class=\"elementor-section elementor-top-section elementor-element elementor-element-3e1eb98 elementor-section-stretched elementor-section-boxed elementor-section-height-default elementor-section-height-default ct-header-fixed-none ct-column-none ct-row-scroll-none\" data-id=\"3e1eb98\" data-element_type=\"section\" data-settings=\"{&quot;stretch_section&quot;:&quot;section-stretched&quot;,&quot;background_background&quot;:&quot;classic&quot;}\">\n                            <div class=\"elementor-background-overlay\"><\/div>\n                \n                        <div class=\"elementor-container elementor-column-gap-extended \">\n                    <div class=\"elementor-column elementor-col-100 elementor-top-column elementor-element elementor-element-7fe11fb ct-column-none col-offset-none\" data-id=\"7fe11fb\" data-element_type=\"column\">\n        <div class=\"elementor-widget-wrap elementor-element-populated\">\n                    \n        \t\t<div class=\"elementor-element elementor-element-279d42c elementor-widget elementor-widget-ct_heading\" data-id=\"279d42c\" data-element_type=\"widget\" data-widget_type=\"ct_heading.default\">\n\t\t\t\t<div class=\"elementor-widget-container\">\n\t\t\t\t\t<div class=\"ct-heading h-align-center item-style1\">\r\n\t    <h3 class=\"item--title case-animate-time style1 \" data-wow-delay=\"ms\">\r\n        <span>Jak to wygl\u0105da?<\/span>    <\/h3>\r\n<\/div>\r\n\r\n\t\t\t\t<\/div>\n\t\t\t\t<\/div>\n\t\t\t\t<div class=\"elementor-element elementor-element-2be1cae elementor-widget elementor-widget-ct_text_editor\" data-id=\"2be1cae\" data-element_type=\"widget\" data-widget_type=\"ct_text_editor.default\">\n\t\t\t\t<div class=\"elementor-widget-container\">\n\t\t\t\t\t<div id=\"ct_text_editor-2be1cae\" class=\"ct-text-editor style1 \" data-wow-delay=\"ms\">\n\t<div class=\"ct-inline-css\"  data-css=\"\n\t\t\">\n\n\t<\/div>\n\t<div class=\"ct-text-editor elementor-clearfix\">\n\t\t<p>Podczas naszych spotka\u0144, odkryjesz, co jest dla Ciebie naprawd\u0119 wa\u017cne, jakie s\u0105 Twoje warto\u015bci, cele i marzenia. Zidentyfikujesz swoje mocne strony i zasoby, a tak\u017ce ograniczaj\u0105ce Ci\u0119 przekonania i schematy. Nauczysz si\u0119 \u015bwiadomie projektowa\u0107 swoje \u017cycie, zamiast biernie na nie reagowa\u0107. Zaczniesz dostrzega\u0107 \u201eli\u015bcie na drzewach\u201d \u2013 szczeg\u00f3\u0142y, kt\u00f3re wcze\u015bniej umyka\u0142y Twojej uwadze, i \u201edomy\u201d \u2013 warto\u015bci, kt\u00f3re czeka\u0142y, a\u017c je zauwa\u017cysz.<\/p>\t\t\n\t<\/div>\n<\/div>\t\t\t\t<\/div>\n\t\t\t\t<\/div>\n\t\t            <\/div>\n        <\/div>\n                    <\/div>\n        <\/section>\n                <section class=\"elementor-section elementor-top-section elementor-element elementor-element-74e8158 elementor-section-full_width elementor-section-stretched elementor-section-height-default elementor-section-height-default ct-header-fixed-none ct-column-none ct-row-scroll-none\" data-id=\"74e8158\" data-element_type=\"section\" data-settings=\"{&quot;stretch_section&quot;:&quot;section-stretched&quot;}\">\n            \n                        <div class=\"elementor-container elementor-column-gap-extended \">\n                    <div class=\"elementor-column elementor-col-50 elementor-top-column elementor-element elementor-element-2f62c18 ct-column-none col-offset-none\" data-id=\"2f62c18\" data-element_type=\"column\" data-settings=\"{&quot;background_background&quot;:&quot;classic&quot;}\">\n        <div class=\"elementor-widget-wrap elementor-element-populated\">\n                    \n        \t\t<div class=\"elementor-element elementor-element-f01cd92 elementor-widget__width-initial elementor-widget elementor-widget-ct_fancy_box\" data-id=\"f01cd92\" data-element_type=\"widget\" data-widget_type=\"ct_fancy_box.default\">\n\t\t\t\t<div class=\"elementor-widget-container\">\n\t\t\t\t\t<div class=\"ct-fancy-box ct-fancy-box-layout1  \" data-wow-delay=\"ms\">\r\n    <div class=\"item--inner\">\r\n                    <div class=\"item--icon\">\r\n                <i aria-hidden=\"true\" class=\"flaticon flaticon-globe\"><\/i>            <\/div>\r\n                        <div class=\"item--meta\">\r\n            <h5 class=\"item--title\">\r\n                            <\/h5>\r\n            <div class=\"item--description\">Dzi\u0119ki coachingowi, zyskasz klarowno\u015b\u0107 i pewno\u015b\u0107 siebie. Nauczysz si\u0119 podejmowa\u0107 \u015bwiadome decyzje, budowa\u0107 satysfakcjonuj\u0105ce relacje i radzi\u0107 sobie ze stresem. Odkryjesz w sobie si\u0142\u0119, by \u017cy\u0107 w zgodzie ze sob\u0105 i realizowa\u0107 swoje pasje. Proces coachingowy to nie tylko osi\u0105ganie cel\u00f3w, ale przede wszystkim \u2013 odkrywanie siebie na nowo. To inwestycja w Twoj\u0105 przysz\u0142o\u015b\u0107, kt\u00f3ra przyniesie Ci satysfakcj\u0119, rado\u015b\u0107 i poczucie spe\u0142nienia.\n\n<\/div>\r\n        <\/div>\r\n    <\/div>\r\n<\/div>\t\t\t\t<\/div>\n\t\t\t\t<\/div>\n\t\t\t\t<div class=\"elementor-element elementor-element-3acc7f2 elementor-widget elementor-widget-ct_fancy_box\" data-id=\"3acc7f2\" data-element_type=\"widget\" data-widget_type=\"ct_fancy_box.default\">\n\t\t\t\t<div class=\"elementor-widget-container\">\n\t\t\t\t\t<div class=\"ct-fancy-box ct-fancy-box-layout1  \" data-wow-delay=\"ms\">\r\n    <div class=\"item--inner\">\r\n                    <div class=\"item--icon\">\r\n                <i aria-hidden=\"true\" class=\"flaticon flaticon-statement\"><\/i>            <\/div>\r\n                        <div class=\"item--meta\">\r\n            <h5 class=\"item--title\">\r\n                            <\/h5>\r\n            <div class=\"item--description\">Pierwsze spotkanie to nasze wsp\u00f3lne zapoznanie, w trakcie kt\u00f3rego porozmawiamy o Twoich oczekiwaniach i celach. Kolejne sesje b\u0119d\u0105 indywidualnymi spotkaniami, dostosowanymi do Twoich potrzeb i tempa. B\u0119d\u0119 Ci towarzyszy\u0107 w tej podr\u00f3\u017cy, zadaj\u0105c pytania, kt\u00f3re pomog\u0105 Ci spojrze\u0107 na siebie i swoje \u017cycie z r\u00f3\u017cnych perspektyw. Pami\u0119taj, \u017ce to Ty jeste\u015b ekspertem od swojego \u017cycia, a ja jestem tu, by Ci\u0119 w tej drodze wesprze\u0107.\n\n<\/div>\r\n        <\/div>\r\n    <\/div>\r\n<\/div>\t\t\t\t<\/div>\n\t\t\t\t<\/div>\n\t\t\t\t<div class=\"elementor-element elementor-element-02877b9 elementor-widget elementor-widget-ct_fancy_box\" data-id=\"02877b9\" data-element_type=\"widget\" data-widget_type=\"ct_fancy_box.default\">\n\t\t\t\t<div class=\"elementor-widget-container\">\n\t\t\t\t\t<div class=\"ct-fancy-box ct-fancy-box-layout1  \" data-wow-delay=\"ms\">\r\n    <div class=\"item--inner\">\r\n                    <div class=\"item--icon\">\r\n                <i aria-hidden=\"true\" class=\"flaticon flaticon-hourglass\"><\/i>            <\/div>\r\n                        <div class=\"item--meta\">\r\n            <h5 class=\"item--title\">\r\n                            <\/h5>\r\n            <div class=\"item--description\">Coaching jest dla ka\u017cdego, kto pragnie zmian, kto chce lepiej pozna\u0107 siebie i odkry\u0107 sw\u00f3j potencja\u0142. To proces dla tych, kt\u00f3rzy maj\u0105 odwag\u0119 zwolni\u0107, by w pe\u0142ni do\u015bwiadczy\u0107 \u017cycia. Je\u015bli czujesz, \u017ce nadszed\u0142 czas, by zatrzyma\u0107 si\u0119 i spojrze\u0107 na swoje \u017cycie z nowej perspektywy, zapraszam Ci\u0119 do wsp\u00f3lnej podr\u00f3\u017cy.\n<\/div>\r\n        <\/div>\r\n    <\/div>\r\n<\/div>\t\t\t\t<\/div>\n\t\t\t\t<\/div>\n\t\t            <\/div>\n        <\/div>\n                <div class=\"elementor-column elementor-col-50 elementor-top-column elementor-element elementor-element-b00f92a ct-column-none col-offset-none\" data-id=\"b00f92a\" data-element_type=\"column\" data-settings=\"{&quot;background_background&quot;:&quot;classic&quot;}\">\n        <div class=\"elementor-widget-wrap elementor-element-populated\">\n                    \n        \t\t<div class=\"elementor-element elementor-element-20c7a8e elementor-widget elementor-widget-spacer\" data-id=\"20c7a8e\" data-element_type=\"widget\" data-widget_type=\"spacer.default\">\n\t\t\t\t<div class=\"elementor-widget-container\">\n\t\t\t\t\t\t\t<div class=\"elementor-spacer\">\n\t\t\t<div class=\"elementor-spacer-inner\"><\/div>\n\t\t<\/div>\n\t\t\t\t\t\t<\/div>\n\t\t\t\t<\/div>\n\t\t            <\/div>\n        <\/div>\n                    <\/div>\n        <\/section>\n                <section class=\"elementor-section elementor-top-section elementor-element elementor-element-4c3d22a elementor-section-stretched elementor-section-boxed elementor-section-height-default elementor-section-height-default ct-header-fixed-none ct-column-none ct-row-scroll-none\" data-id=\"4c3d22a\" data-element_type=\"section\" data-settings=\"{&quot;stretch_section&quot;:&quot;section-stretched&quot;,&quot;background_background&quot;:&quot;classic&quot;}\">\n                            <div class=\"elementor-background-overlay\"><\/div>\n                \n                        <div class=\"elementor-container elementor-column-gap-extended \">\n                    <div class=\"elementor-column elementor-col-100 elementor-top-column elementor-element elementor-element-94c07d9 ct-column-none col-offset-none\" data-id=\"94c07d9\" data-element_type=\"column\">\n        <div class=\"elementor-widget-wrap elementor-element-populated\">\n                    \n        \t\t<div class=\"elementor-element elementor-element-a1d7bcf elementor-widget elementor-widget-ct_heading\" data-id=\"a1d7bcf\" data-element_type=\"widget\" data-widget_type=\"ct_heading.default\">\n\t\t\t\t<div class=\"elementor-widget-container\">\n\t\t\t\t\t<div class=\"ct-heading h-align-center item-style1\">\r\n\t    <h3 class=\"item--title case-animate-time style1 \" data-wow-delay=\"ms\">\r\n        <span>Potrzebujesz wsparcia?<\/span>    <\/h3>\r\n<\/div>\r\n\r\n\t\t\t\t<\/div>\n\t\t\t\t<\/div>\n\t\t\t\t<div class=\"elementor-element elementor-element-7646ce8 elementor-widget elementor-widget-ct_text_editor\" data-id=\"7646ce8\" data-element_type=\"widget\" data-widget_type=\"ct_text_editor.default\">\n\t\t\t\t<div class=\"elementor-widget-container\">\n\t\t\t\t\t<div id=\"ct_text_editor-7646ce8\" class=\"ct-text-editor style1 \" data-wow-delay=\"ms\">\n\t<div class=\"ct-inline-css\"  data-css=\"\n\t\t\">\n\n\t<\/div>\n\t<div class=\"ct-text-editor elementor-clearfix\">\n\t\t<p>Je\u015bli mog\u0119 Ci pom\u00f3c w miejscu, w kt\u00f3rym teraz jeste\u015b &#8211; skontaktuj si\u0119 ze mn\u0105.\u00a0<\/p>\t\t\n\t<\/div>\n<\/div>\t\t\t\t<\/div>\n\t\t\t\t<\/div>\n\t\t\t\t<div class=\"elementor-element elementor-element-b9adb2d elementor-widget__width-initial elementor-widget elementor-widget-ct_button\" data-id=\"b9adb2d\" data-element_type=\"widget\" data-widget_type=\"ct_button.default\">\n\t\t\t\t<div class=\"elementor-widget-container\">\n\t\t\t\t\t<div id=\"ct_button-b9adb2d\" class=\"ct-button-wrapper ct-button-layout1\">\r\n    <div class=\"ct-inline-css\"  data-css=\"\r\n        \">\r\n    <\/div>\r\n\r\n            <span class=\"ct-icon-active\"><\/span>\r\n        <a href=\"https:\/\/demo.bravisthemes.com\/decision\/contact\/\" class=\"btn btn-primary btn-animate  icon-ps-left \" data-wow-delay=\"ms\">\r\n                            <span class=\"ct-button-icon ct-align-icon-left\">\r\n                            <\/span>\r\n                <span class=\"ct-button-text\">Kontakt<\/span>\r\n    <\/a>\r\n<\/div>\t\t\t\t<\/div>\n\t\t\t\t<\/div>\n\t\t            <\/div>\n        <\/div>\n                    <\/div>\n        <\/section>\n        \t\t<\/div>\n\t\t","protected":false},"excerpt":{"rendered":"<p>Coaching Twoja podr\u00f3\u017c w g\u0142\u0105b siebie, Twoje odkrycie wewn\u0119trznego architekta Wyobra\u017a sobie, \u017ce prowadzisz samoch\u00f3d z zawrotn\u0105 pr\u0119dko\u015bci\u0105, a krajobraz za oknem zlewa si\u0119 w jedn\u0105, rozmyt\u0105 plam\u0119. By\u0107 mo\u017ce osi\u0105gasz wyznaczone cele, p\u0119dzisz przed siebie, ale czy naprawd\u0119 dostrzegasz pi\u0119kno podr\u00f3\u017cy? Czy czujesz satysfakcj\u0119, gdy meta jest osi\u0105gni\u0119ta? Czy przypadkiem nie omijasz, w tym [&hellip;]<\/p>\n","protected":false},"author":1,"featured_media":0,"parent":0,"menu_order":0,"comment_status":"closed","ping_status":"closed","template":"","meta":{"footnotes":""},"class_list":["post-321","page","type-page","status-publish","hentry"],"_links":{"self":[{"href":"https:\/\/wojciechgrabowiecki.pl\/index.php?rest_route=\/wp\/v2\/pages\/321","targetHints":{"allow":["GET"]}}],"collection":[{"href":"https:\/\/wojciechgrabowiecki.pl\/index.php?rest_route=\/wp\/v2\/pages"}],"about":[{"href":"https:\/\/wojciechgrabowiecki.pl\/index.php?rest_route=\/wp\/v2\/types\/page"}],"author":[{"embeddable":true,"href":"https:\/\/wojciechgrabowiecki.pl\/index.php?rest_route=\/wp\/v2\/users\/1"}],"replies":[{"embeddable":true,"href":"https:\/\/wojciechgrabowiecki.pl\/index.php?rest_route=%2Fwp%2Fv2%2Fcomments&post=321"}],"version-history":[{"count":4,"href":"https:\/\/wojciechgrabowiecki.pl\/index.php?rest_route=\/wp\/v2\/pages\/321\/revisions"}],"predecessor-version":[{"id":6924,"href":"https:\/\/wojciechgrabowiecki.pl\/index.php?rest_route=\/wp\/v2\/pages\/321\/revisions\/6924"}],"wp:attachment":[{"href":"https:\/\/wojciechgrabowiecki.pl\/index.php?rest_route=%2Fwp%2Fv2%2Fmedia&parent=321"}],"curies":[{"name":"wp","href":"https:\/\/api.w.org\/{rel}","templated":true}]}}