{"id":2468,"date":"2022-05-23T22:48:39","date_gmt":"2022-05-23T22:48:39","guid":{"rendered":"https:\/\/demo.bravisthemes.com\/decision\/?page_id=2468"},"modified":"2025-02-26T14:44:36","modified_gmt":"2025-02-26T13:44:36","slug":"o-mnie","status":"publish","type":"page","link":"https:\/\/wojciechgrabowiecki.pl\/?page_id=2468","title":{"rendered":"O mnie"},"content":{"rendered":"\t\t<div data-elementor-type=\"wp-page\" data-elementor-id=\"2468\" class=\"elementor elementor-2468\">\n\t\t\t\t        <section class=\"elementor-section elementor-top-section elementor-element elementor-element-b349976 elementor-section-stretched elementor-section-boxed elementor-section-height-default elementor-section-height-default ct-header-fixed-none ct-column-none ct-row-scroll-none\" data-id=\"b349976\" data-element_type=\"section\" data-settings=\"{&quot;stretch_section&quot;:&quot;section-stretched&quot;}\">\n            \n                        <div class=\"elementor-container elementor-column-gap-extended \">\n                    <div class=\"elementor-column elementor-col-50 elementor-top-column elementor-element elementor-element-e97b31e ct-column-none col-offset-none\" data-id=\"e97b31e\" data-element_type=\"column\">\n        <div class=\"elementor-widget-wrap elementor-element-populated\">\n                    \n        \t\t<div class=\"elementor-element elementor-element-be7f99c elementor-widget elementor-widget-ct_heading\" data-id=\"be7f99c\" data-element_type=\"widget\" data-widget_type=\"ct_heading.default\">\n\t\t\t\t<div class=\"elementor-widget-container\">\n\t\t\t\t\t<div class=\"ct-heading h-align- item-style1\">\r\n\t\t\t<div class=\"item--sub-title style1\">\r\n            <span>\r\n                                O MNIE            <\/span>\r\n        <\/div>\r\n\t    <h3 class=\"item--title case-animate-time style1 \" data-wow-delay=\"ms\">\r\n        <span>Wojciech Grabowiecki<\/span>    <\/h3>\r\n<\/div>\r\n\r\n\t\t\t\t<\/div>\n\t\t\t\t<\/div>\n\t\t\t\t<div class=\"elementor-element elementor-element-28fc184 elementor-widget elementor-widget-ct_text_editor\" data-id=\"28fc184\" data-element_type=\"widget\" data-widget_type=\"ct_text_editor.default\">\n\t\t\t\t<div class=\"elementor-widget-container\">\n\t\t\t\t\t<div id=\"ct_text_editor-28fc184\" class=\"ct-text-editor style1 \" data-wow-delay=\"ms\">\n\t<div class=\"ct-inline-css\"  data-css=\"\n\t\t\">\n\n\t<\/div>\n\t<div class=\"ct-text-editor elementor-clearfix\">\n\t\t<p>Nazywam si\u0119 Wojciech Grabowiecki i jestem specjalist\u0105 w dziedzinie mediacji oraz coachingu. Moj\u0105 misj\u0105 jest wspieranie klient\u00f3w w trudnych momentach ich \u017cycia oraz pomoc w osi\u0105gni\u0119ciu zamierzonych cel\u00f3w. Oferuj\u0119 kompleksowe us\u0142ugi w zakresie mediacji,\u00a0\u00a0coachingu indywidualnego, biznesowego oraz grupowego, a tak\u017ce kompleksowe wsparcie w rozwoju osobistym i zawodowym. Wsp\u00f3\u0142pracuj\u0119 z S\u0105dami Powszechnymi i S\u0105dem Polubownym przy Krajowym Nadzorze Finansowym. Specjalizuj\u0119 si\u0119 w mediacjach cywilnych, gospodarczych, rodzinnych, karnych i nieletnich oraz walutowych.<\/p>\t\t\n\t<\/div>\n<\/div>\t\t\t\t<\/div>\n\t\t\t\t<\/div>\n\t\t        <section class=\"elementor-section elementor-inner-section elementor-element elementor-element-d088fb0 elementor-section-boxed elementor-section-height-default elementor-section-height-default ct-header-fixed-none ct-column-none ct-row-scroll-none\" data-id=\"d088fb0\" data-element_type=\"section\">\n            \n                        <div class=\"elementor-container elementor-column-gap-extended \">\n                    <div class=\"elementor-column elementor-col-50 elementor-inner-column elementor-element elementor-element-cba514c ct-column-none col-offset-none\" data-id=\"cba514c\" data-element_type=\"column\">\n        <div class=\"elementor-widget-wrap elementor-element-populated\">\n                    \n        \t\t<div class=\"elementor-element elementor-element-78f468c elementor-widget elementor-widget-ct_list\" data-id=\"78f468c\" data-element_type=\"widget\" data-widget_type=\"ct_list.default\">\n\t\t\t\t<div class=\"elementor-widget-container\">\n\t\t\t\t\t<div class=\"ct-list style2\">\r\n            <div class=\"ct-list-item \">\r\n                  <div class=\"ct-list-content\">\r\n            Magister Coachingu i doradztwa zawodowego        <\/div>\r\n    <\/div>\r\n        <div class=\"ct-list-item \">\r\n                  <div class=\"ct-list-content\">\r\n            Absolwent Wy\u017cszej Szko\u0142y Humanistyczno-Ekonomicznej w \u0141odzi (Pedagogika Resocjalizacyjna)        <\/div>\r\n    <\/div>\r\n        <div class=\"ct-list-item \">\r\n                  <div class=\"ct-list-content\">\r\n            certyfikowany Trener i mentor VCC        <\/div>\r\n    <\/div>\r\n        <div class=\"ct-list-item \">\r\n                  <div class=\"ct-list-content\">\r\n            Doradca zawodowy        <\/div>\r\n    <\/div>\r\n        <div class=\"ct-list-item \">\r\n                  <div class=\"ct-list-content\">\r\n            konsultant MTQ48        <\/div>\r\n    <\/div>\r\n<\/div>\r\n\t\t\t\t<\/div>\n\t\t\t\t<\/div>\n\t\t            <\/div>\n        <\/div>\n                <div class=\"elementor-column elementor-col-50 elementor-inner-column elementor-element elementor-element-6b110db ct-column-none col-offset-none\" data-id=\"6b110db\" data-element_type=\"column\">\n        <div class=\"elementor-widget-wrap elementor-element-populated\">\n                    \n        \t\t<div class=\"elementor-element elementor-element-3fb7c85 elementor-widget elementor-widget-ct_list\" data-id=\"3fb7c85\" data-element_type=\"widget\" data-widget_type=\"ct_list.default\">\n\t\t\t\t<div class=\"elementor-widget-container\">\n\t\t\t\t\t<div class=\"ct-list style2\">\r\n            <div class=\"ct-list-item \">\r\n                  <div class=\"ct-list-content\">\r\n            Szkoleniowiec w zakresie kompetencji mi\u0119kkich i mediacji        <\/div>\r\n    <\/div>\r\n        <div class=\"ct-list-item \">\r\n                  <div class=\"ct-list-content\">\r\n            Wyk\u0142adowca akademicki na kierunku mediator s\u0105dowy i mediator rodzinny        <\/div>\r\n    <\/div>\r\n        <div class=\"ct-list-item \">\r\n                  <div class=\"ct-list-content\">\r\n            Coach ICF        <\/div>\r\n    <\/div>\r\n        <div class=\"ct-list-item \">\r\n                  <div class=\"ct-list-content\">\r\n            Praktyk NLP        <\/div>\r\n    <\/div>\r\n        <div class=\"ct-list-item \">\r\n                  <div class=\"ct-list-content\">\r\n            terapeuta RTZ oraz TSR        <\/div>\r\n    <\/div>\r\n<\/div>\r\n\t\t\t\t<\/div>\n\t\t\t\t<\/div>\n\t\t            <\/div>\n        <\/div>\n                    <\/div>\n        <\/section>\n                    <\/div>\n        <\/div>\n                <div class=\"elementor-column elementor-col-50 elementor-top-column elementor-element elementor-element-b12e617 ct-column-none col-offset-none\" data-id=\"b12e617\" data-element_type=\"column\">\n        <div class=\"elementor-widget-wrap elementor-element-populated\">\n                    \n        \t\t<div class=\"elementor-element elementor-element-f89b2d7 elementor-widget elementor-widget-ct_banner\" data-id=\"f89b2d7\" data-element_type=\"widget\" data-widget_type=\"ct_banner.default\">\n\t\t\t\t<div class=\"elementor-widget-container\">\n\t\t\t\t\t<div class=\"ct-banner1\" data-wow-delay=\"ms\">\r\n    <div class=\"ct-banner-inner\">\r\n                    <div class=\"ct-banner-image\">\r\n                <img fetchpriority=\"high\" decoding=\"async\" width=\"2048\" height=\"2048\" src=\"https:\/\/wojciechgrabowiecki.pl\/wp-content\/uploads\/2025\/01\/468914139_1145848174208726_66350379676948716_n.jpg\" class=\"attachment-full\" alt=\"\" \/>            <\/div>\r\n            <\/div>\r\n<\/div>\t\t\t\t<\/div>\n\t\t\t\t<\/div>\n\t\t            <\/div>\n        <\/div>\n                    <\/div>\n        <\/section>\n                <section class=\"elementor-section elementor-top-section elementor-element elementor-element-2e27f62 elementor-section-stretched elementor-section-boxed elementor-section-height-default elementor-section-height-default ct-header-fixed-none ct-column-none ct-row-scroll-none\" data-id=\"2e27f62\" data-element_type=\"section\" data-settings=\"{&quot;stretch_section&quot;:&quot;section-stretched&quot;,&quot;background_background&quot;:&quot;classic&quot;}\">\n                            <div class=\"elementor-background-overlay\"><\/div>\n                \n                        <div class=\"elementor-container elementor-column-gap-extended \">\n                    <div class=\"elementor-column elementor-col-100 elementor-top-column elementor-element elementor-element-5e2bab3 ct-column-none col-offset-none\" data-id=\"5e2bab3\" data-element_type=\"column\">\n        <div class=\"elementor-widget-wrap elementor-element-populated\">\n                    \n        \t\t<div class=\"elementor-element elementor-element-3fa2809 elementor-widget elementor-widget-ct_heading\" data-id=\"3fa2809\" data-element_type=\"widget\" data-widget_type=\"ct_heading.default\">\n\t\t\t\t<div class=\"elementor-widget-container\">\n\t\t\t\t\t<div class=\"ct-heading h-align-center item-style1\">\r\n\t    <h3 class=\"item--title case-animate-time style1 \" data-wow-delay=\"ms\">\r\n        <span>Jak pracuj\u0119?<\/span>    <\/h3>\r\n<\/div>\r\n\r\n\t\t\t\t<\/div>\n\t\t\t\t<\/div>\n\t\t\t\t<div class=\"elementor-element elementor-element-41aae44 elementor-widget elementor-widget-ct_text_editor\" data-id=\"41aae44\" data-element_type=\"widget\" data-widget_type=\"ct_text_editor.default\">\n\t\t\t\t<div class=\"elementor-widget-container\">\n\t\t\t\t\t<div id=\"ct_text_editor-41aae44\" class=\"ct-text-editor style1 \" data-wow-delay=\"ms\">\n\t<div class=\"ct-inline-css\"  data-css=\"\n\t\t\">\n\n\t<\/div>\n\t<div class=\"ct-text-editor elementor-clearfix\">\n\t\t<p>Moje podej\u015bcie do pracy z klientem bazuje na g\u0142\u0119bokim zrozumieniu jego potrzeb i emocji, co pozwala mi na skuteczne prowadzenie procesu wsparcia. Ka\u017cda sesja jest dostosowywana do indywidualnych potrzeb mojego klienta, co sprzyja osi\u0105ganiu trwa\u0142ych i zadowalaj\u0105cych przez niego efekt\u00f3w. Wierz\u0119, \u017ce ka\u017cdy konflikt zar\u00f3wno wewn\u0119trzny jak i zewn\u0119trzny oparty na postawie l\u0119kowej lub agresywnej mo\u017cemy przekszta\u0142ci\u0107 w cykl pozytywny prowadz\u0105cy do wsp\u00f3\u0142pracy przy szukaniu rozwi\u0105zania dla istniej\u0105cego problemu czy trudno\u015bci.\u00a0<\/p>\t\t\n\t<\/div>\n<\/div>\t\t\t\t<\/div>\n\t\t\t\t<\/div>\n\t\t            <\/div>\n        <\/div>\n                    <\/div>\n        <\/section>\n                <section class=\"elementor-section elementor-top-section elementor-element elementor-element-7195b3d elementor-section-full_width elementor-section-stretched elementor-section-height-default elementor-section-height-default ct-header-fixed-none ct-column-none ct-row-scroll-none\" data-id=\"7195b3d\" data-element_type=\"section\" data-settings=\"{&quot;stretch_section&quot;:&quot;section-stretched&quot;}\">\n            \n                        <div class=\"elementor-container elementor-column-gap-extended \">\n                    <div class=\"elementor-column elementor-col-50 elementor-top-column elementor-element elementor-element-f49206d ct-column-none col-offset-none\" data-id=\"f49206d\" data-element_type=\"column\" data-settings=\"{&quot;background_background&quot;:&quot;classic&quot;}\">\n        <div class=\"elementor-widget-wrap elementor-element-populated\">\n                    \n        \t\t<div class=\"elementor-element elementor-element-f63802e elementor-widget elementor-widget-ct_heading\" data-id=\"f63802e\" data-element_type=\"widget\" data-widget_type=\"ct_heading.default\">\n\t\t\t\t<div class=\"elementor-widget-container\">\n\t\t\t\t\t<div class=\"ct-heading h-align- item-style1\">\r\n\t\t\t<div class=\"item--sub-title style-default\">\r\n            <span>\r\n                                ZAPRASZAM            <\/span>\r\n        <\/div>\r\n\t    <h3 class=\"item--title case-animate-time style1 \" data-wow-delay=\"ms\">\r\n        <span>Dlaczego warto ze mn\u0105 wsp\u00f3\u0142pracowa\u0107?<\/span>    <\/h3>\r\n<\/div>\r\n\r\n\t\t\t\t<\/div>\n\t\t\t\t<\/div>\n\t\t\t\t<div class=\"elementor-element elementor-element-554a64a elementor-widget__width-initial elementor-widget elementor-widget-ct_text_editor\" data-id=\"554a64a\" data-element_type=\"widget\" data-widget_type=\"ct_text_editor.default\">\n\t\t\t\t<div class=\"elementor-widget-container\">\n\t\t\t\t\t<div id=\"ct_text_editor-554a64a\" class=\"ct-text-editor style1 \" data-wow-delay=\"ms\">\n\t<div class=\"ct-inline-css\"  data-css=\"\n\t\t\">\n\n\t<\/div>\n\t<div class=\"ct-text-editor elementor-clearfix\">\n\t\t<p>Moja oferta to nie tylko us\u0142ugi mediacyjne i coachingowe, ale tak\u017ce kompleksowe wsparcie w rozwoju osobistym i zawodowym. Klienci, kt\u00f3rzy decyduj\u0105 si\u0119 na wsp\u00f3\u0142prac\u0119 ze mn\u0105, mog\u0105 liczy\u0107 na:<\/p>\t\t\n\t<\/div>\n<\/div>\t\t\t\t<\/div>\n\t\t\t\t<\/div>\n\t\t\t\t<div class=\"elementor-element elementor-element-f563d6a elementor-widget__width-initial elementor-widget elementor-widget-ct_fancy_box\" data-id=\"f563d6a\" data-element_type=\"widget\" data-widget_type=\"ct_fancy_box.default\">\n\t\t\t\t<div class=\"elementor-widget-container\">\n\t\t\t\t\t<div class=\"ct-fancy-box ct-fancy-box-layout1  \" data-wow-delay=\"ms\">\r\n    <div class=\"item--inner\">\r\n                    <div class=\"item--icon\">\r\n                <i aria-hidden=\"true\" class=\"flaticon flaticon-sheriff\"><\/i>            <\/div>\r\n                        <div class=\"item--meta\">\r\n            <h5 class=\"item--title\">\r\n                Profesjonalizm            <\/h5>\r\n            <div class=\"item--description\"> i empati\u0119 czyli, \u017ce do ka\u017cdego klienta podchodz\u0119 z pe\u0142nym zrozumieniem jego sytuacji i indywidualnymi potrzebami.\n\n<\/div>\r\n        <\/div>\r\n    <\/div>\r\n<\/div>\t\t\t\t<\/div>\n\t\t\t\t<\/div>\n\t\t\t\t<div class=\"elementor-element elementor-element-cea552d elementor-widget elementor-widget-ct_fancy_box\" data-id=\"cea552d\" data-element_type=\"widget\" data-widget_type=\"ct_fancy_box.default\">\n\t\t\t\t<div class=\"elementor-widget-container\">\n\t\t\t\t\t<div class=\"ct-fancy-box ct-fancy-box-layout1  \" data-wow-delay=\"ms\">\r\n    <div class=\"item--inner\">\r\n                    <div class=\"item--icon\">\r\n                <i aria-hidden=\"true\" class=\"flaticon flaticon-gavel\"><\/i>            <\/div>\r\n                        <div class=\"item--meta\">\r\n            <h5 class=\"item--title\">\r\n                Skuteczno\u015b\u0107            <\/h5>\r\n            <div class=\"item--description\">poniewa\u017c dzi\u0119ki do\u015bwiadczeniu oraz umiej\u0119tno\u015bciom, pomagam w efektywnym rozwi\u0105zywaniu problem\u00f3w oraz w osi\u0105ganiu cel\u00f3w moich klient\u00f3w.\n\n<\/div>\r\n        <\/div>\r\n    <\/div>\r\n<\/div>\t\t\t\t<\/div>\n\t\t\t\t<\/div>\n\t\t\t\t<div class=\"elementor-element elementor-element-225f4a3 elementor-widget elementor-widget-ct_fancy_box\" data-id=\"225f4a3\" data-element_type=\"widget\" data-widget_type=\"ct_fancy_box.default\">\n\t\t\t\t<div class=\"elementor-widget-container\">\n\t\t\t\t\t<div class=\"ct-fancy-box ct-fancy-box-layout1  \" data-wow-delay=\"ms\">\r\n    <div class=\"item--inner\">\r\n                    <div class=\"item--icon\">\r\n                <i aria-hidden=\"true\" class=\"flaticon flaticon-hourglass\"><\/i>            <\/div>\r\n                        <div class=\"item--meta\">\r\n            <h5 class=\"item--title\">\r\n                Elastyczno\u015b\u0107            <\/h5>\r\n            <div class=\"item--description\">gdy\u017c dostosowuj\u0119 metody pracy do potrzeb moich klient\u00f3w, co sprzyja lepszemu zrozumieniu i wsp\u00f3\u0142pracy.\n\n<\/div>\r\n        <\/div>\r\n    <\/div>\r\n<\/div>\t\t\t\t<\/div>\n\t\t\t\t<\/div>\n\t\t\t\t<div class=\"elementor-element elementor-element-c198c25 elementor-widget elementor-widget-ct_fancy_box\" data-id=\"c198c25\" data-element_type=\"widget\" data-widget_type=\"ct_fancy_box.default\">\n\t\t\t\t<div class=\"elementor-widget-container\">\n\t\t\t\t\t<div class=\"ct-fancy-box ct-fancy-box-layout1  \" data-wow-delay=\"ms\">\r\n    <div class=\"item--inner\">\r\n                    <div class=\"item--icon\">\r\n                <i aria-hidden=\"true\" class=\"flaticon flaticon-folder\"><\/i>            <\/div>\r\n                        <div class=\"item--meta\">\r\n            <h5 class=\"item--title\">\r\n                Bezpiecze\u0144stwo            <\/h5>\r\n            <div class=\"item--description\">i poufno\u015b\u0107 czyli stworzenie bezpiecznego i komfortowego \u015brodowiska pracy.\n\n<\/div>\r\n        <\/div>\r\n    <\/div>\r\n<\/div>\t\t\t\t<\/div>\n\t\t\t\t<\/div>\n\t\t            <\/div>\n        <\/div>\n                <div class=\"elementor-column elementor-col-50 elementor-top-column elementor-element elementor-element-ff0e303 ct-column-none col-offset-none\" data-id=\"ff0e303\" data-element_type=\"column\" data-settings=\"{&quot;background_background&quot;:&quot;classic&quot;}\">\n        <div class=\"elementor-widget-wrap elementor-element-populated\">\n                    \n        \t\t<div class=\"elementor-element elementor-element-ebdfcba elementor-widget elementor-widget-spacer\" data-id=\"ebdfcba\" data-element_type=\"widget\" data-widget_type=\"spacer.default\">\n\t\t\t\t<div class=\"elementor-widget-container\">\n\t\t\t\t\t\t\t<div class=\"elementor-spacer\">\n\t\t\t<div class=\"elementor-spacer-inner\"><\/div>\n\t\t<\/div>\n\t\t\t\t\t\t<\/div>\n\t\t\t\t<\/div>\n\t\t            <\/div>\n        <\/div>\n                    <\/div>\n        <\/section>\n                <section class=\"elementor-section elementor-top-section elementor-element elementor-element-50f8a28 elementor-section-stretched elementor-section-boxed elementor-section-height-default elementor-section-height-default ct-header-fixed-none ct-column-none ct-row-scroll-none\" data-id=\"50f8a28\" data-element_type=\"section\" data-settings=\"{&quot;stretch_section&quot;:&quot;section-stretched&quot;,&quot;background_background&quot;:&quot;classic&quot;}\">\n                            <div class=\"elementor-background-overlay\"><\/div>\n                \n                        <div class=\"elementor-container elementor-column-gap-extended \">\n                    <div class=\"elementor-column elementor-col-100 elementor-top-column elementor-element elementor-element-e6c3110 ct-column-none col-offset-none\" data-id=\"e6c3110\" data-element_type=\"column\">\n        <div class=\"elementor-widget-wrap elementor-element-populated\">\n                    \n        \t\t<div class=\"elementor-element elementor-element-f2d0d68 elementor-widget elementor-widget-ct_heading\" data-id=\"f2d0d68\" data-element_type=\"widget\" data-widget_type=\"ct_heading.default\">\n\t\t\t\t<div class=\"elementor-widget-container\">\n\t\t\t\t\t<div class=\"ct-heading h-align-center item-style1\">\r\n\t    <h3 class=\"item--title case-animate-time style1 \" data-wow-delay=\"ms\">\r\n        <span>Potrzebujesz wsparcia?<\/span>    <\/h3>\r\n<\/div>\r\n\r\n\t\t\t\t<\/div>\n\t\t\t\t<\/div>\n\t\t\t\t<div class=\"elementor-element elementor-element-c57187a elementor-widget elementor-widget-ct_text_editor\" data-id=\"c57187a\" data-element_type=\"widget\" data-widget_type=\"ct_text_editor.default\">\n\t\t\t\t<div class=\"elementor-widget-container\">\n\t\t\t\t\t<div id=\"ct_text_editor-c57187a\" class=\"ct-text-editor style1 \" data-wow-delay=\"ms\">\n\t<div class=\"ct-inline-css\"  data-css=\"\n\t\t\">\n\n\t<\/div>\n\t<div class=\"ct-text-editor elementor-clearfix\">\n\t\t<p>Je\u015bli mog\u0119 Ci pom\u00f3c w miejscu, w kt\u00f3rym teraz jeste\u015b &#8211; skontaktuj si\u0119 ze mn\u0105.\u00a0<\/p>\t\t\n\t<\/div>\n<\/div>\t\t\t\t<\/div>\n\t\t\t\t<\/div>\n\t\t\t\t<div class=\"elementor-element elementor-element-6f48fcb elementor-widget__width-initial elementor-widget elementor-widget-ct_button\" data-id=\"6f48fcb\" data-element_type=\"widget\" data-widget_type=\"ct_button.default\">\n\t\t\t\t<div class=\"elementor-widget-container\">\n\t\t\t\t\t<div id=\"ct_button-6f48fcb\" class=\"ct-button-wrapper ct-button-layout1\">\r\n    <div class=\"ct-inline-css\"  data-css=\"\r\n        \">\r\n    <\/div>\r\n\r\n            <span class=\"ct-icon-active\"><\/span>\r\n        <a href=\"https:\/\/demo.bravisthemes.com\/decision\/contact\/\" class=\"btn btn-primary btn-animate  icon-ps-left \" data-wow-delay=\"ms\">\r\n                            <span class=\"ct-button-icon ct-align-icon-left\">\r\n                            <\/span>\r\n                <span class=\"ct-button-text\">Kontakt<\/span>\r\n    <\/a>\r\n<\/div>\t\t\t\t<\/div>\n\t\t\t\t<\/div>\n\t\t            <\/div>\n        <\/div>\n                    <\/div>\n        <\/section>\n        \t\t<\/div>\n\t\t","protected":false},"excerpt":{"rendered":"<p>O MNIE Wojciech Grabowiecki Nazywam si\u0119 Wojciech Grabowiecki i jestem specjalist\u0105 w dziedzinie mediacji oraz coachingu. Moj\u0105 misj\u0105 jest wspieranie klient\u00f3w w trudnych momentach ich \u017cycia oraz pomoc w osi\u0105gni\u0119ciu zamierzonych cel\u00f3w. Oferuj\u0119 kompleksowe us\u0142ugi w zakresie mediacji,\u00a0\u00a0coachingu indywidualnego, biznesowego oraz grupowego, a tak\u017ce kompleksowe wsparcie w rozwoju osobistym i zawodowym. Wsp\u00f3\u0142pracuj\u0119 z S\u0105dami Powszechnymi [&hellip;]<\/p>\n","protected":false},"author":1,"featured_media":0,"parent":0,"menu_order":0,"comment_status":"closed","ping_status":"closed","template":"","meta":{"footnotes":""},"class_list":["post-2468","page","type-page","status-publish","hentry"],"_links":{"self":[{"href":"https:\/\/wojciechgrabowiecki.pl\/index.php?rest_route=\/wp\/v2\/pages\/2468","targetHints":{"allow":["GET"]}}],"collection":[{"href":"https:\/\/wojciechgrabowiecki.pl\/index.php?rest_route=\/wp\/v2\/pages"}],"about":[{"href":"https:\/\/wojciechgrabowiecki.pl\/index.php?rest_route=\/wp\/v2\/types\/page"}],"author":[{"embeddable":true,"href":"https:\/\/wojciechgrabowiecki.pl\/index.php?rest_route=\/wp\/v2\/users\/1"}],"replies":[{"embeddable":true,"href":"https:\/\/wojciechgrabowiecki.pl\/index.php?rest_route=%2Fwp%2Fv2%2Fcomments&post=2468"}],"version-history":[{"count":7,"href":"https:\/\/wojciechgrabowiecki.pl\/index.php?rest_route=\/wp\/v2\/pages\/2468\/revisions"}],"predecessor-version":[{"id":6941,"href":"https:\/\/wojciechgrabowiecki.pl\/index.php?rest_route=\/wp\/v2\/pages\/2468\/revisions\/6941"}],"wp:attachment":[{"href":"https:\/\/wojciechgrabowiecki.pl\/index.php?rest_route=%2Fwp%2Fv2%2Fmedia&parent=2468"}],"curies":[{"name":"wp","href":"https:\/\/api.w.org\/{rel}","templated":true}]}}